{"id":115,"date":"2023-03-17T11:11:08","date_gmt":"2023-03-17T08:11:08","guid":{"rendered":"https:\/\/yeni.maliyeokulu.org.tr\/?page_id=115"},"modified":"2025-09-08T04:11:03","modified_gmt":"2025-09-08T01:11:03","slug":"mezun-siteleri","status":"publish","type":"page","link":"https:\/\/yeni.maliyeokulu.org.tr\/?page_id=115","title":{"rendered":"Mezun Siteleri"},"content":{"rendered":"\t\t<div data-elementor-type=\"wp-page\" data-elementor-id=\"115\" class=\"elementor elementor-115\" data-elementor-settings=\"{&quot;element_pack_global_tooltip_width&quot;:{&quot;unit&quot;:&quot;px&quot;,&quot;size&quot;:&quot;&quot;,&quot;sizes&quot;:[]},&quot;element_pack_global_tooltip_width_tablet&quot;:{&quot;unit&quot;:&quot;px&quot;,&quot;size&quot;:&quot;&quot;,&quot;sizes&quot;:[]},&quot;element_pack_global_tooltip_width_mobile&quot;:{&quot;unit&quot;:&quot;px&quot;,&quot;size&quot;:&quot;&quot;,&quot;sizes&quot;:[]},&quot;element_pack_global_tooltip_padding&quot;:{&quot;unit&quot;:&quot;px&quot;,&quot;top&quot;:&quot;&quot;,&quot;right&quot;:&quot;&quot;,&quot;bottom&quot;:&quot;&quot;,&quot;left&quot;:&quot;&quot;,&quot;isLinked&quot;:true},&quot;element_pack_global_tooltip_padding_tablet&quot;:{&quot;unit&quot;:&quot;px&quot;,&quot;top&quot;:&quot;&quot;,&quot;right&quot;:&quot;&quot;,&quot;bottom&quot;:&quot;&quot;,&quot;left&quot;:&quot;&quot;,&quot;isLinked&quot;:true},&quot;element_pack_global_tooltip_padding_mobile&quot;:{&quot;unit&quot;:&quot;px&quot;,&quot;top&quot;:&quot;&quot;,&quot;right&quot;:&quot;&quot;,&quot;bottom&quot;:&quot;&quot;,&quot;left&quot;:&quot;&quot;,&quot;isLinked&quot;:true},&quot;element_pack_global_tooltip_border_radius&quot;:{&quot;unit&quot;:&quot;px&quot;,&quot;top&quot;:&quot;&quot;,&quot;right&quot;:&quot;&quot;,&quot;bottom&quot;:&quot;&quot;,&quot;left&quot;:&quot;&quot;,&quot;isLinked&quot;:true},&quot;element_pack_global_tooltip_border_radius_tablet&quot;:{&quot;unit&quot;:&quot;px&quot;,&quot;top&quot;:&quot;&quot;,&quot;right&quot;:&quot;&quot;,&quot;bottom&quot;:&quot;&quot;,&quot;left&quot;:&quot;&quot;,&quot;isLinked&quot;:true},&quot;element_pack_global_tooltip_border_radius_mobile&quot;:{&quot;unit&quot;:&quot;px&quot;,&quot;top&quot;:&quot;&quot;,&quot;right&quot;:&quot;&quot;,&quot;bottom&quot;:&quot;&quot;,&quot;left&quot;:&quot;&quot;,&quot;isLinked&quot;:true}}\" data-elementor-post-type=\"page\">\n\t\t\t\t<div data-particle_enable=\"false\" data-particle-mobile-disabled=\"false\" class=\"elementor-element elementor-element-1bf5aa25 animated-slow e-flex e-con-boxed e-con e-parent\" data-id=\"1bf5aa25\" data-element_type=\"container\" data-settings=\"{&quot;background_background&quot;:&quot;gradient&quot;,&quot;shape_divider_bottom&quot;:&quot;mountains&quot;,&quot;animation&quot;:&quot;none&quot;}\">\n\t\t\t\t\t<div class=\"e-con-inner\">\n\t\t\t\t<div class=\"elementor-shape elementor-shape-bottom\" aria-hidden=\"true\" data-negative=\"false\">\n\t\t\t<svg xmlns=\"http:\/\/www.w3.org\/2000\/svg\" viewBox=\"0 0 1000 100\" preserveAspectRatio=\"none\">\n\t<path class=\"elementor-shape-fill\" opacity=\"0.33\" d=\"M473,67.3c-203.9,88.3-263.1-34-320.3,0C66,119.1,0,59.7,0,59.7V0h1000v59.7 c0,0-62.1,26.1-94.9,29.3c-32.8,3.3-62.8-12.3-75.8-22.1C806,49.6,745.3,8.7,694.9,4.7S492.4,59,473,67.3z\"\/>\n\t<path class=\"elementor-shape-fill\" opacity=\"0.66\" d=\"M734,67.3c-45.5,0-77.2-23.2-129.1-39.1c-28.6-8.7-150.3-10.1-254,39.1 s-91.7-34.4-149.2,0C115.7,118.3,0,39.8,0,39.8V0h1000v36.5c0,0-28.2-18.5-92.1-18.5C810.2,18.1,775.7,67.3,734,67.3z\"\/>\n\t<path class=\"elementor-shape-fill\" d=\"M766.1,28.9c-200-57.5-266,65.5-395.1,19.5C242,1.8,242,5.4,184.8,20.6C128,35.8,132.3,44.9,89.9,52.5C28.6,63.7,0,0,0,0 h1000c0,0-9.9,40.9-83.6,48.1S829.6,47,766.1,28.9z\"\/>\n<\/svg>\t\t<\/div>\n\t\t<div data-particle_enable=\"false\" data-particle-mobile-disabled=\"false\" class=\"elementor-element elementor-element-c8ea52d e-con-full e-flex e-con e-child\" data-id=\"c8ea52d\" data-element_type=\"container\" data-settings=\"{&quot;animation&quot;:&quot;none&quot;,&quot;animation_delay&quot;:500}\">\n\t\t\t\t<div class=\"elementor-element elementor-element-348597ee elementor-widget__width-initial elementor-widget elementor-widget-heading\" data-id=\"348597ee\" data-element_type=\"widget\" data-widget_type=\"heading.default\">\n\t\t\t\t<div class=\"elementor-widget-container\">\n\t\t\t\t\t<h1 class=\"elementor-heading-title elementor-size-default\">Mezun Siteleri<\/h1>\t\t\t\t<\/div>\n\t\t\t\t<\/div>\n\t\t\t\t<div class=\"elementor-element elementor-element-5fc3a259 elementor-widget elementor-widget-text-editor\" data-id=\"5fc3a259\" data-element_type=\"widget\" data-widget_type=\"text-editor.default\">\n\t\t\t\t<div class=\"elementor-widget-container\">\n\t\t\t\t\t\t\t\t\tSitemizde, <span class=\"highlightcolor\">mezunlar\u0131m\u0131z<\/span> ile <span class=\"highlightcolor\">Derne\u011fimizin <\/span>duyuru ve etkinliklerini 2008 y\u0131l\u0131ndan itibaren de\u011fi\u015fmeyen aray\u00fczle ilettik. Zaman i\u00e7inde video, resim ve anda\u00e7 galerisi gibi eklentilerdeki yaz\u0131l\u0131m desteklerinin sonland\u0131r\u0131lmas\u0131yla bir \u00e7ok payla\u015f\u0131m\u0131m\u0131za eri\u015filemez olmu\u015ftu.\n\u015eimdi ayn\u0131 i\u00e7erikleri <span class=\"highlightcolor\">Web 3.0 <\/span>\u00a0teknolojisine uyarlayarak yeniden sunman\u0131n heyecan\u0131n\u0131 ya\u015f\u0131yoruz.\nUmar\u0131z sitemizde verimli zamanlar ge\u00e7irirsiniz \ud83d\ude42\t\t\t\t\t\t\t\t<\/div>\n\t\t\t\t<\/div>\n\t\t\t\t<\/div>\n\t\t<div data-particle_enable=\"false\" data-particle-mobile-disabled=\"false\" class=\"elementor-element elementor-element-4104fb53 e-con-full e-flex e-con e-child\" data-id=\"4104fb53\" data-element_type=\"container\" data-settings=\"{&quot;animation&quot;:&quot;none&quot;,&quot;animation_delay&quot;:1000}\">\n\t\t\t\t<div class=\"elementor-element elementor-element-4c3a88c7 elementor-widget-mobile__width-initial elementor-widget elementor-widget-image\" data-id=\"4c3a88c7\" data-element_type=\"widget\" data-widget_type=\"image.default\">\n\t\t\t\t<div class=\"elementor-widget-container\">\n\t\t\t\t\t\t\t\t\t\t\t\t\t\t\t<img fetchpriority=\"high\" decoding=\"async\" width=\"768\" height=\"460\" src=\"https:\/\/yeni.maliyeokulu.org.tr\/wp-content\/uploads\/2023\/03\/malok_eskisite-768x460.png\" class=\"attachment-medium_large size-medium_large wp-image-179\" alt=\"\" srcset=\"https:\/\/yeni.maliyeokulu.org.tr\/wp-content\/uploads\/2023\/03\/malok_eskisite-768x460.png 768w, https:\/\/yeni.maliyeokulu.org.tr\/wp-content\/uploads\/2023\/03\/malok_eskisite-300x180.png 300w, https:\/\/yeni.maliyeokulu.org.tr\/wp-content\/uploads\/2023\/03\/malok_eskisite-1024x613.png 1024w, https:\/\/yeni.maliyeokulu.org.tr\/wp-content\/uploads\/2023\/03\/malok_eskisite-1536x919.png 1536w, https:\/\/yeni.maliyeokulu.org.tr\/wp-content\/uploads\/2023\/03\/malok_eskisite-2048x1226.png 2048w\" sizes=\"(max-width: 768px) 100vw, 768px\" \/>\t\t\t\t\t\t\t\t\t\t\t\t\t\t\t<\/div>\n\t\t\t\t<\/div>\n\t\t\t\t<div class=\"elementor-element elementor-element-333fd351 elementor-widget elementor-widget-image\" data-id=\"333fd351\" data-element_type=\"widget\" data-widget_type=\"image.default\">\n\t\t\t\t<div class=\"elementor-widget-container\">\n\t\t\t\t\t\t\t\t\t\t\t\t\t\t\t<img decoding=\"async\" width=\"225\" height=\"60\" src=\"https:\/\/yeni.maliyeokulu.org.tr\/wp-content\/uploads\/2024\/01\/resim_2024-01-22_231844783.png\" class=\"attachment-large size-large wp-image-11985\" alt=\"\" \/>\t\t\t\t\t\t\t\t\t\t\t\t\t\t\t<\/div>\n\t\t\t\t<\/div>\n\t\t\t\t<\/div>\n\t\t<div data-particle_enable=\"false\" data-particle-mobile-disabled=\"false\" class=\"elementor-element elementor-element-4ed774a e-con-full e-flex e-con e-child\" data-id=\"4ed774a\" data-element_type=\"container\" data-settings=\"{&quot;animation&quot;:&quot;none&quot;,&quot;animation_delay&quot;:1500}\">\n\t\t\t\t<div class=\"elementor-element elementor-element-33092205 elementor-widget elementor-widget-image\" data-id=\"33092205\" data-element_type=\"widget\" data-widget_type=\"image.default\">\n\t\t\t\t<div class=\"elementor-widget-container\">\n\t\t\t\t\t\t\t\t\t\t\t\t\t\t\t\t<a href=\"https:\/\/yeni.maliyeokulu.org.tr\/?page_id=57\">\n\t\t\t\t\t\t\t<img decoding=\"async\" src=\"https:\/\/yeni.maliyeokulu.org.tr\/wp-content\/uploads\/2023\/03\/izmir-2.png\" title=\"\" alt=\"\" loading=\"lazy\" \/>\t\t\t\t\t\t\t\t<\/a>\n\t\t\t\t\t\t\t\t\t\t\t\t\t\t\t<\/div>\n\t\t\t\t<\/div>\n\t\t\t\t<div class=\"elementor-element elementor-element-24a022 elementor-widget elementor-widget-image\" data-id=\"24a022\" data-element_type=\"widget\" data-widget_type=\"image.default\">\n\t\t\t\t<div class=\"elementor-widget-container\">\n\t\t\t\t\t\t\t\t\t\t\t\t\t\t\t\t<a href=\"https:\/\/yeni.maliyeokulu.org.tr\/?page_id=58\">\n\t\t\t\t\t\t\t<img decoding=\"async\" src=\"https:\/\/yeni.maliyeokulu.org.tr\/wp-content\/uploads\/2023\/03\/istanbul.png\" title=\"\" alt=\"\" loading=\"lazy\" \/>\t\t\t\t\t\t\t\t<\/a>\n\t\t\t\t\t\t\t\t\t\t\t\t\t\t\t<\/div>\n\t\t\t\t<\/div>\n\t\t\t\t<div class=\"elementor-element elementor-element-333007d9 elementor-widget elementor-widget-image\" data-id=\"333007d9\" data-element_type=\"widget\" data-widget_type=\"image.default\">\n\t\t\t\t<div class=\"elementor-widget-container\">\n\t\t\t\t\t\t\t\t\t\t\t\t\t\t\t\t<a href=\"https:\/\/yeni.maliyeokulu.org.tr\/?page_id=59\">\n\t\t\t\t\t\t\t<img decoding=\"async\" src=\"https:\/\/yeni.maliyeokulu.org.tr\/wp-content\/uploads\/2023\/03\/antalya.png\" title=\"\" alt=\"\" loading=\"lazy\" \/>\t\t\t\t\t\t\t\t<\/a>\n\t\t\t\t\t\t\t\t\t\t\t\t\t\t\t<\/div>\n\t\t\t\t<\/div>\n\t\t\t\t<div class=\"elementor-element elementor-element-325eca6e elementor-widget elementor-widget-image\" data-id=\"325eca6e\" data-element_type=\"widget\" data-widget_type=\"image.default\">\n\t\t\t\t<div class=\"elementor-widget-container\">\n\t\t\t\t\t\t\t\t\t\t\t\t\t\t\t\t<a href=\"https:\/\/yeni.maliyeokulu.org.tr\/?page_id=60\">\n\t\t\t\t\t\t\t<img decoding=\"async\" src=\"https:\/\/yeni.maliyeokulu.org.tr\/wp-content\/uploads\/2023\/03\/mersin.png\" title=\"\" alt=\"\" loading=\"lazy\" \/>\t\t\t\t\t\t\t\t<\/a>\n\t\t\t\t\t\t\t\t\t\t\t\t\t\t\t<\/div>\n\t\t\t\t<\/div>\n\t\t\t\t<\/div>\n\t\t\t\t\t<\/div>\n\t\t\t\t<\/div>\n\t\t<div data-particle_enable=\"false\" data-particle-mobile-disabled=\"false\" class=\"elementor-element elementor-element-0cf11f6 e-flex e-con-boxed e-con e-parent\" data-id=\"0cf11f6\" data-element_type=\"container\" data-settings=\"{&quot;background_background&quot;:&quot;classic&quot;}\">\n\t\t\t\t\t<div class=\"e-con-inner\">\n\t\t\t\t<div class=\"elementor-element elementor-element-dc624d1 elementor-widget elementor-widget-heading\" data-id=\"dc624d1\" data-element_type=\"widget\" data-widget_type=\"heading.default\">\n\t\t\t\t<div class=\"elementor-widget-container\">\n\t\t\t\t\t<h2 class=\"elementor-heading-title elementor-size-default\">Haz\u0131rl\u0131k A\u015famas\u0131nday\u0131z<\/h2>\t\t\t\t<\/div>\n\t\t\t\t<\/div>\n\t\t\t\t\t<\/div>\n\t\t\t\t<\/div>\n\t\t\t\t<\/div>\n\t\t","protected":false},"excerpt":{"rendered":"<p>Sitemizde, mezunlar\u0131m\u0131z ile Derne\u011fimizin duyuru ve etkinliklerini 2008 y\u0131l\u0131ndan itibaren de\u011fi\u015fmeyen aray\u00fczle ilettik. Zaman i\u00e7inde video, resim ve anda\u00e7 galerisi gibi eklentilerdeki yaz\u0131l\u0131m desteklerinin sonland\u0131r\u0131lmas\u0131yla bir \u00e7ok payla\u015f\u0131m\u0131m\u0131za eri\u015filemez olmu\u015ftu. \u015eimdi ayn\u0131 i\u00e7erikleri Web 3.0 \u00a0teknolojisine uyarlayarak yeniden sunman\u0131n heyecan\u0131n\u0131 ya\u015f\u0131yoruz. Umar\u0131z sitemizde verimli zamanlar ge\u00e7irirsiniz \ud83d\ude42 Haz\u0131rl\u0131k A\u015famas\u0131nday\u0131z<\/p>\n","protected":false},"author":1,"featured_media":0,"parent":0,"menu_order":0,"comment_status":"closed","ping_status":"closed","template":"elementor_header_footer","meta":{"_eb_attr":"","_gspb_post_css":"","_crdt_document":"","footnotes":""},"class_list":["post-115","page","type-page","status-publish","hentry"],"blocksy_meta":[],"_links":{"self":[{"href":"https:\/\/yeni.maliyeokulu.org.tr\/index.php?rest_route=\/wp\/v2\/pages\/115","targetHints":{"allow":["GET"]}}],"collection":[{"href":"https:\/\/yeni.maliyeokulu.org.tr\/index.php?rest_route=\/wp\/v2\/pages"}],"about":[{"href":"https:\/\/yeni.maliyeokulu.org.tr\/index.php?rest_route=\/wp\/v2\/types\/page"}],"author":[{"embeddable":true,"href":"https:\/\/yeni.maliyeokulu.org.tr\/index.php?rest_route=\/wp\/v2\/users\/1"}],"replies":[{"embeddable":true,"href":"https:\/\/yeni.maliyeokulu.org.tr\/index.php?rest_route=%2Fwp%2Fv2%2Fcomments&post=115"}],"version-history":[{"count":7,"href":"https:\/\/yeni.maliyeokulu.org.tr\/index.php?rest_route=\/wp\/v2\/pages\/115\/revisions"}],"predecessor-version":[{"id":19078,"href":"https:\/\/yeni.maliyeokulu.org.tr\/index.php?rest_route=\/wp\/v2\/pages\/115\/revisions\/19078"}],"wp:attachment":[{"href":"https:\/\/yeni.maliyeokulu.org.tr\/index.php?rest_route=%2Fwp%2Fv2%2Fmedia&parent=115"}],"curies":[{"name":"wp","href":"https:\/\/api.w.org\/{rel}","templated":true}]}}