{"id":19879,"date":"2025-11-27T22:45:27","date_gmt":"2025-11-27T19:45:27","guid":{"rendered":"https:\/\/yeni.maliyeokulu.org.tr\/?page_id=19879"},"modified":"2026-04-05T21:31:50","modified_gmt":"2026-04-05T18:31:50","slug":"mahalli-idareler","status":"publish","type":"page","link":"https:\/\/yeni.maliyeokulu.org.tr\/?page_id=19879","title":{"rendered":"Mahalli \u0130dareler"},"content":{"rendered":"\t\t<div data-elementor-type=\"wp-page\" data-elementor-id=\"19879\" class=\"elementor elementor-19879\" data-elementor-settings=\"{&quot;element_pack_global_tooltip_width&quot;:{&quot;unit&quot;:&quot;px&quot;,&quot;size&quot;:&quot;&quot;,&quot;sizes&quot;:[]},&quot;element_pack_global_tooltip_width_tablet&quot;:{&quot;unit&quot;:&quot;px&quot;,&quot;size&quot;:&quot;&quot;,&quot;sizes&quot;:[]},&quot;element_pack_global_tooltip_width_mobile&quot;:{&quot;unit&quot;:&quot;px&quot;,&quot;size&quot;:&quot;&quot;,&quot;sizes&quot;:[]},&quot;element_pack_global_tooltip_padding&quot;:{&quot;unit&quot;:&quot;px&quot;,&quot;top&quot;:&quot;&quot;,&quot;right&quot;:&quot;&quot;,&quot;bottom&quot;:&quot;&quot;,&quot;left&quot;:&quot;&quot;,&quot;isLinked&quot;:true},&quot;element_pack_global_tooltip_padding_tablet&quot;:{&quot;unit&quot;:&quot;px&quot;,&quot;top&quot;:&quot;&quot;,&quot;right&quot;:&quot;&quot;,&quot;bottom&quot;:&quot;&quot;,&quot;left&quot;:&quot;&quot;,&quot;isLinked&quot;:true},&quot;element_pack_global_tooltip_padding_mobile&quot;:{&quot;unit&quot;:&quot;px&quot;,&quot;top&quot;:&quot;&quot;,&quot;right&quot;:&quot;&quot;,&quot;bottom&quot;:&quot;&quot;,&quot;left&quot;:&quot;&quot;,&quot;isLinked&quot;:true},&quot;element_pack_global_tooltip_border_radius&quot;:{&quot;unit&quot;:&quot;px&quot;,&quot;top&quot;:&quot;&quot;,&quot;right&quot;:&quot;&quot;,&quot;bottom&quot;:&quot;&quot;,&quot;left&quot;:&quot;&quot;,&quot;isLinked&quot;:true},&quot;element_pack_global_tooltip_border_radius_tablet&quot;:{&quot;unit&quot;:&quot;px&quot;,&quot;top&quot;:&quot;&quot;,&quot;right&quot;:&quot;&quot;,&quot;bottom&quot;:&quot;&quot;,&quot;left&quot;:&quot;&quot;,&quot;isLinked&quot;:true},&quot;element_pack_global_tooltip_border_radius_mobile&quot;:{&quot;unit&quot;:&quot;px&quot;,&quot;top&quot;:&quot;&quot;,&quot;right&quot;:&quot;&quot;,&quot;bottom&quot;:&quot;&quot;,&quot;left&quot;:&quot;&quot;,&quot;isLinked&quot;:true}}\" data-elementor-post-type=\"page\">\n\t\t\t\t\t\t<section data-particle_enable=\"false\" data-particle-mobile-disabled=\"false\" class=\"elementor-section elementor-top-section elementor-element elementor-element-2a2dc832 elementor-hidden-phone elementor-section-boxed elementor-section-height-default elementor-section-height-default\" data-id=\"2a2dc832\" data-element_type=\"section\" data-settings=\"{&quot;background_background&quot;:&quot;gradient&quot;}\">\n\t\t\t\t\t\t<div class=\"elementor-container elementor-column-gap-default\">\n\t\t\t\t\t<div class=\"elementor-column elementor-col-100 elementor-top-column elementor-element elementor-element-65bcfab0\" data-id=\"65bcfab0\" data-element_type=\"column\">\n\t\t\t<div class=\"elementor-widget-wrap elementor-element-populated\">\n\t\t\t\t\t\t<div class=\"elementor-element elementor-element-236a9d29 elementor-widget elementor-widget-heading\" data-id=\"236a9d29\" data-element_type=\"widget\" data-settings=\"{&quot;_animation_tablet&quot;:&quot;none&quot;}\" data-widget_type=\"heading.default\">\n\t\t\t\t<div class=\"elementor-widget-container\">\n\t\t\t\t\t<h3 class=\"elementor-heading-title elementor-size-default\">Mahalli \u0130dareler<\/h3>\t\t\t\t<\/div>\n\t\t\t\t<\/div>\n\t\t\t\t<div class=\"elementor-element elementor-element-52a7d89 premium-atext__switch elementor-widget elementor-widget-premium-addon-fancy-text\" data-id=\"52a7d89\" data-element_type=\"widget\" data-settings=\"{&quot;_animation_tablet&quot;:&quot;none&quot;}\" data-widget_type=\"premium-addon-fancy-text.default\">\n\t\t\t\t<div class=\"elementor-widget-container\">\n\t\t\t\t\t\t\t<div class=\"premium-atext__wrapper premium-atext__slide \" data-start-effect=\"page_load\" data-settings=\"{&quot;effect&quot;:&quot;slide&quot;,&quot;speed&quot;:200,&quot;showItems&quot;:1,&quot;pause&quot;:1200,&quot;mousePause&quot;:false,&quot;loading&quot;:false,&quot;style&quot;:&quot;switch&quot;}\">\r\n\r\n\t\t\t<h3 class=\"premium-atext__headline\">\r\n\t\t\t\t\t\t\t<span class=\"premium-prefix-text\">\r\n\t\t\t\t\t<span class=\"premium-atext__span-align\">Discover Our<\/span>\r\n\t\t\t\t<\/span>\r\n\t\t\t\r\n\t\t\t\t\t\t<div class=\"premium-atext__text\" style='display: inline-block; text-align: center'>\r\n\t\t\t\t<ul class=\"premium-atext__items-wrapper\">\r\n\t\t\t\t\t\t\t\t\t<li class=\"premium-fancy-list-items premium-fancy-item-visible\">\r\n\t\t\t\t\t\t\tFantastic\t\t\t\t\t\t<\/li>\r\n\t\t\t\t\t\t\t\t\t\t\t<li class=\"premium-fancy-list-items premium-fancy-item-visible\">\r\n\t\t\t\t\t\t\tIncredible\t\t\t\t\t\t<\/li>\r\n\t\t\t\t\t\t\t\t\t\t\t<li class=\"premium-fancy-list-items premium-fancy-item-visible\">\r\n\t\t\t\t\t\t\tMarvelous\t\t\t\t\t\t<\/li>\r\n\t\t\t\t\t\t\t\t\t<\/ul>\r\n\t\t\t<\/div>\r\n\t\t\t\r\n\t\t\t\t\t\t\t<span class=\"premium-suffix-text\">\r\n\t\t\t\t\t<span class=\"premium-atext__span-align\">Widgets for Elementor<\/span>\r\n\t\t\t\t<\/span>\r\n\t\t\t\r\n\t\t\t\r\n\t\t\t<\/h3>\r\n\t\t<\/div>\r\n\t\t\t\t\t\t<\/div>\n\t\t\t\t<\/div>\n\t\t\t\t<div class=\"elementor-element elementor-element-339477d7 elementor-widget-divider--separator-type-pattern elementor-widget-divider--view-line elementor-widget elementor-widget-divider\" data-id=\"339477d7\" data-element_type=\"widget\" data-settings=\"{&quot;_animation_tablet&quot;:&quot;none&quot;}\" data-widget_type=\"divider.default\">\n\t\t\t\t<div class=\"elementor-widget-container\">\n\t\t\t\t\t\t\t<div class=\"elementor-divider\" style=\"--divider-pattern-url: url(&quot;data:image\/svg+xml,%3Csvg xmlns=&#039;http:\/\/www.w3.org\/2000\/svg&#039; preserveAspectRatio=&#039;none&#039; overflow=&#039;visible&#039; height=&#039;100%&#039; viewBox=&#039;0 0 24 24&#039; fill=&#039;none&#039; stroke=&#039;black&#039; stroke-width=&#039;3&#039; stroke-linecap=&#039;square&#039; stroke-miterlimit=&#039;10&#039;%3E%3Cpath d=&#039;M0,6c6,0,0.9,11.1,6.9,11.1S18,6,24,6&#039;\/%3E%3C\/svg%3E&quot;);\">\n\t\t\t<span class=\"elementor-divider-separator\">\n\t\t\t\t\t\t<\/span>\n\t\t<\/div>\n\t\t\t\t\t\t<\/div>\n\t\t\t\t<\/div>\n\t\t\t\t<div class=\"elementor-element elementor-element-4b91229d elementor-widget elementor-widget-text-editor\" data-id=\"4b91229d\" data-element_type=\"widget\" data-settings=\"{&quot;_animation_tablet&quot;:&quot;none&quot;}\" data-widget_type=\"text-editor.default\">\n\t\t\t\t<div class=\"elementor-widget-container\">\n\t\t\t\t\t\t\t\t\t<p>Praesent commodo cursus magna, vel scelerisque nisl consectetur et. Curabitur blandit tempus porttitor. Sed posuere consectetur est at lobortis. Curabitur blandit tempus porttitor. Donec ullamcorper nulla non metus auctor fringilla.<\/p>\t\t\t\t\t\t\t\t<\/div>\n\t\t\t\t<\/div>\n\t\t\t\t\t<\/div>\n\t\t<\/div>\n\t\t\t\t\t<\/div>\n\t\t<\/section>\n\t\t<div data-particle_enable=\"false\" data-particle-mobile-disabled=\"false\" class=\"elementor-element elementor-element-715a6a9 e-flex e-con-boxed e-con e-parent\" data-id=\"715a6a9\" data-element_type=\"container\">\n\t\t\t\t\t<div class=\"e-con-inner\">\n\t\t\t\t<div class=\"elementor-element elementor-element-20f6e66 elementor-widget elementor-widget-eael-post-block\" data-id=\"20f6e66\" data-element_type=\"widget\" data-widget_type=\"eael-post-block.default\">\n\t\t\t\t<div class=\"elementor-widget-container\">\n\t\t\t\t\t<div id=\"eael-post-block-20f6e66\" class=\"eael-post-block default post-block-layout-block\">\n            <div class=\"eael-post-block-grid eael-post-appender eael-post-appender-20f6e66  \"><article class=\"eael-post-block-item eael-post-block-column\">\n    <div class=\"eael-post-block-item-holder\">\n        <div class=\"eael-post-block-item-holder-inner\"><div class=\"eael-entry-media\">\n                    <div class=\"eael-entry-overlay fade-in\"><i class=\"fas fa-long-arrow-alt-right\" aria-hidden=\"true\"><\/i><a href=\"https:\/\/yeni.maliyeokulu.org.tr\/?p=21673\"\n                    \n                    >\n                    <\/a>\n                    <\/div>\n                    <div class=\"eael-entry-thumbnail eael-image-ratio\">\n                        <img decoding=\"async\" src=\"https:\/\/yeni.maliyeokulu.org.tr\/wp-content\/uploads\/2018\/01\/tanereraslan2.jpg\" alt=\"tanereraslan\">\n                    <\/div>\n                <\/div><div class=\"eael-entry-wrapper\"><header class=\"eael-entry-header\"><h2 class=\"eael-entry-title\">\n                                    <a class=\"eael-grid-post-link\" href=\"https:\/\/yeni.maliyeokulu.org.tr\/?p=21673\" title=\"Yarg\u0131 Kararlar\u0131n\u0131n Yerine Getirilmesinde Belediye Ba\u015fkanlar\u0131n\u0131n Sorumlulu\u011fu\">\n                                    Yarg\u0131 Kararlar\u0131n\u0131n Yerine Getirilmesinde Belediye Ba\u015fkanlar\u0131n\u0131n Sorumlulu\u011fu\n                                    <\/a>\n\n                                <\/h2><\/header><div class=\"eael-entry-content\"><div class=\"eael-grid-post-excerpt\"><p>Yarg\u0131 Kararlar\u0131n\u0131n...<\/p><a \n                                    href=\"https:\/\/yeni.maliyeokulu.org.tr\/?p=21673\" \n                                    class=\"eael-post-elements-readmore-btn\"\n                                    \n                                    >\n                                    T\u0131klay\u0131n\u0131z<\/a><\/div><\/div>\n                <\/div><div class=\"eael-entry-footer\"><div class=\"eael-entry-meta\"><div class=\"eael-posted-on\"><time datetime=\"05\/04\/2026\">05\/04\/2026<\/time><\/div><\/div><\/div><\/div>\n    <\/div>\n<\/article><article class=\"eael-post-block-item eael-post-block-column\">\n    <div class=\"eael-post-block-item-holder\">\n        <div class=\"eael-post-block-item-holder-inner\"><div class=\"eael-entry-media\">\n                    <div class=\"eael-entry-overlay fade-in\"><i class=\"fas fa-long-arrow-alt-right\" aria-hidden=\"true\"><\/i><a href=\"https:\/\/yeni.maliyeokulu.org.tr\/?p=16366\"\n                    \n                    >\n                    <\/a>\n                    <\/div>\n                    <div class=\"eael-entry-thumbnail eael-image-ratio\">\n                        <img decoding=\"async\" src=\"https:\/\/yeni.maliyeokulu.org.tr\/wp-content\/uploads\/2018\/01\/tanereraslan2.jpg\" alt=\"tanereraslan\">\n                    <\/div>\n                <\/div><div class=\"eael-entry-wrapper\"><header class=\"eael-entry-header\"><h2 class=\"eael-entry-title\">\n                                    <a class=\"eael-grid-post-link\" href=\"https:\/\/yeni.maliyeokulu.org.tr\/?p=16366\" title=\"BELED\u0130YE TAHS\u0130LAT \u0130\u015eLEMLER\u0130NDE KONTROL FAAL\u0130YETLER\u0130, MAL\u0130 VE CEZA\u0130 SORUMLULUKLAR\">\n                                    BELED\u0130YE TAHS\u0130LAT \u0130\u015eLEMLER\u0130NDE KONTROL FAAL\u0130YETLER\u0130, MAL\u0130 VE CEZA\u0130 SORUMLULUKLAR\n                                    <\/a>\n\n                                <\/h2><\/header><div class=\"eael-entry-content\"><div class=\"eael-grid-post-excerpt\"><p>Taner Eraslan\u0130stanbul...<\/p><a \n                                    href=\"https:\/\/yeni.maliyeokulu.org.tr\/?p=16366\" \n                                    class=\"eael-post-elements-readmore-btn\"\n                                    \n                                    >\n                                    T\u0131klay\u0131n\u0131z<\/a><\/div><\/div>\n                <\/div><div class=\"eael-entry-footer\"><div class=\"eael-entry-meta\"><div class=\"eael-posted-on\"><time datetime=\"17\/11\/2024\">17\/11\/2024<\/time><\/div><\/div><\/div><\/div>\n    <\/div>\n<\/article><article class=\"eael-post-block-item eael-post-block-column\">\n    <div class=\"eael-post-block-item-holder\">\n        <div class=\"eael-post-block-item-holder-inner\"><div class=\"eael-entry-media\">\n                    <div class=\"eael-entry-overlay fade-in\"><i class=\"fas fa-long-arrow-alt-right\" aria-hidden=\"true\"><\/i><a href=\"https:\/\/yeni.maliyeokulu.org.tr\/?p=16356\"\n                    \n                    >\n                    <\/a>\n                    <\/div>\n                    <div class=\"eael-entry-thumbnail eael-image-ratio\">\n                        <img decoding=\"async\" src=\"https:\/\/yeni.maliyeokulu.org.tr\/wp-content\/uploads\/2018\/01\/tanereraslan2.jpg\" alt=\"tanereraslan\">\n                    <\/div>\n                <\/div><div class=\"eael-entry-wrapper\"><header class=\"eael-entry-header\"><h2 class=\"eael-entry-title\">\n                                    <a class=\"eael-grid-post-link\" href=\"https:\/\/yeni.maliyeokulu.org.tr\/?p=16356\" title=\"BELED\u0130YE \u0130\u015e S\u00dcRE\u00c7LER\u0130NDE YAPAY ZEKA \u00c7\u00d6Z\u00dcMLER\u0130\">\n                                    BELED\u0130YE \u0130\u015e S\u00dcRE\u00c7LER\u0130NDE YAPAY ZEKA \u00c7\u00d6Z\u00dcMLER\u0130\n                                    <\/a>\n\n                                <\/h2><\/header><div class=\"eael-entry-content\"><div class=\"eael-grid-post-excerpt\"><p>Taner Eraslan\u0130stanbul...<\/p><a \n                                    href=\"https:\/\/yeni.maliyeokulu.org.tr\/?p=16356\" \n                                    class=\"eael-post-elements-readmore-btn\"\n                                    \n                                    >\n                                    T\u0131klay\u0131n\u0131z<\/a><\/div><\/div>\n                <\/div><div class=\"eael-entry-footer\"><div class=\"eael-entry-meta\"><div class=\"eael-posted-on\"><time datetime=\"17\/11\/2024\">17\/11\/2024<\/time><\/div><\/div><\/div><\/div>\n    <\/div>\n<\/article><\/div>\n\t\t<\/div>\t\t\t\t<\/div>\n\t\t\t\t<\/div>\n\t\t\t\t\t<\/div>\n\t\t\t\t<\/div>\n\t\t\t\t<\/div>\n\t\t","protected":false},"excerpt":{"rendered":"<p>Mahalli \u0130dareler Discover Our Fantastic Incredible Marvelous Widgets for Elementor Praesent commodo cursus magna, vel scelerisque nisl consectetur et. Curabitur blandit tempus porttitor. Sed posuere consectetur est at lobortis. Curabitur blandit tempus porttitor. Donec ullamcorper nulla non metus auctor fringilla. Yarg\u0131 Kararlar\u0131n\u0131n Yerine Getirilmesinde Belediye Ba\u015fkanlar\u0131n\u0131n Sorumlulu\u011fu Yarg\u0131 Kararlar\u0131n\u0131n&#8230; T\u0131klay\u0131n\u0131z 05\/04\/2026 BELED\u0130YE TAHS\u0130LAT \u0130\u015eLEMLER\u0130NDE KONTROL [&hellip;]<\/p>\n","protected":false},"author":1,"featured_media":0,"parent":0,"menu_order":0,"comment_status":"closed","ping_status":"closed","template":"","meta":{"_eb_attr":"","_gspb_post_css":"","_crdt_document":"","footnotes":""},"class_list":["post-19879","page","type-page","status-publish","hentry"],"blocksy_meta":[],"_links":{"self":[{"href":"https:\/\/yeni.maliyeokulu.org.tr\/index.php?rest_route=\/wp\/v2\/pages\/19879","targetHints":{"allow":["GET"]}}],"collection":[{"href":"https:\/\/yeni.maliyeokulu.org.tr\/index.php?rest_route=\/wp\/v2\/pages"}],"about":[{"href":"https:\/\/yeni.maliyeokulu.org.tr\/index.php?rest_route=\/wp\/v2\/types\/page"}],"author":[{"embeddable":true,"href":"https:\/\/yeni.maliyeokulu.org.tr\/index.php?rest_route=\/wp\/v2\/users\/1"}],"replies":[{"embeddable":true,"href":"https:\/\/yeni.maliyeokulu.org.tr\/index.php?rest_route=%2Fwp%2Fv2%2Fcomments&post=19879"}],"version-history":[{"count":4,"href":"https:\/\/yeni.maliyeokulu.org.tr\/index.php?rest_route=\/wp\/v2\/pages\/19879\/revisions"}],"predecessor-version":[{"id":21689,"href":"https:\/\/yeni.maliyeokulu.org.tr\/index.php?rest_route=\/wp\/v2\/pages\/19879\/revisions\/21689"}],"wp:attachment":[{"href":"https:\/\/yeni.maliyeokulu.org.tr\/index.php?rest_route=%2Fwp%2Fv2%2Fmedia&parent=19879"}],"curies":[{"name":"wp","href":"https:\/\/api.w.org\/{rel}","templated":true}]}}