{"id":96,"date":"2023-03-17T11:09:25","date_gmt":"2023-03-17T08:09:25","guid":{"rendered":"https:\/\/yeni.maliyeokulu.org.tr\/?page_id=96"},"modified":"2026-04-05T21:19:48","modified_gmt":"2026-04-05T18:19:48","slug":"vergi","status":"publish","type":"page","link":"https:\/\/yeni.maliyeokulu.org.tr\/?page_id=96","title":{"rendered":"Vergi"},"content":{"rendered":"\t\t<div data-elementor-type=\"wp-page\" data-elementor-id=\"96\" class=\"elementor elementor-96\" data-elementor-settings=\"{&quot;element_pack_global_tooltip_width&quot;:{&quot;unit&quot;:&quot;px&quot;,&quot;size&quot;:&quot;&quot;,&quot;sizes&quot;:[]},&quot;element_pack_global_tooltip_width_tablet&quot;:{&quot;unit&quot;:&quot;px&quot;,&quot;size&quot;:&quot;&quot;,&quot;sizes&quot;:[]},&quot;element_pack_global_tooltip_width_mobile&quot;:{&quot;unit&quot;:&quot;px&quot;,&quot;size&quot;:&quot;&quot;,&quot;sizes&quot;:[]},&quot;element_pack_global_tooltip_padding&quot;:{&quot;unit&quot;:&quot;px&quot;,&quot;top&quot;:&quot;&quot;,&quot;right&quot;:&quot;&quot;,&quot;bottom&quot;:&quot;&quot;,&quot;left&quot;:&quot;&quot;,&quot;isLinked&quot;:true},&quot;element_pack_global_tooltip_padding_tablet&quot;:{&quot;unit&quot;:&quot;px&quot;,&quot;top&quot;:&quot;&quot;,&quot;right&quot;:&quot;&quot;,&quot;bottom&quot;:&quot;&quot;,&quot;left&quot;:&quot;&quot;,&quot;isLinked&quot;:true},&quot;element_pack_global_tooltip_padding_mobile&quot;:{&quot;unit&quot;:&quot;px&quot;,&quot;top&quot;:&quot;&quot;,&quot;right&quot;:&quot;&quot;,&quot;bottom&quot;:&quot;&quot;,&quot;left&quot;:&quot;&quot;,&quot;isLinked&quot;:true},&quot;element_pack_global_tooltip_border_radius&quot;:{&quot;unit&quot;:&quot;px&quot;,&quot;top&quot;:&quot;&quot;,&quot;right&quot;:&quot;&quot;,&quot;bottom&quot;:&quot;&quot;,&quot;left&quot;:&quot;&quot;,&quot;isLinked&quot;:true},&quot;element_pack_global_tooltip_border_radius_tablet&quot;:{&quot;unit&quot;:&quot;px&quot;,&quot;top&quot;:&quot;&quot;,&quot;right&quot;:&quot;&quot;,&quot;bottom&quot;:&quot;&quot;,&quot;left&quot;:&quot;&quot;,&quot;isLinked&quot;:true},&quot;element_pack_global_tooltip_border_radius_mobile&quot;:{&quot;unit&quot;:&quot;px&quot;,&quot;top&quot;:&quot;&quot;,&quot;right&quot;:&quot;&quot;,&quot;bottom&quot;:&quot;&quot;,&quot;left&quot;:&quot;&quot;,&quot;isLinked&quot;:true}}\" data-elementor-post-type=\"page\">\n\t\t\t\t<div data-particle_enable=\"false\" data-particle-mobile-disabled=\"false\" class=\"elementor-element elementor-element-749dcfd6 animated-slow e-flex e-con-boxed e-con e-parent\" data-id=\"749dcfd6\" data-element_type=\"container\" data-settings=\"{&quot;background_background&quot;:&quot;gradient&quot;,&quot;animation&quot;:&quot;none&quot;}\">\n\t\t\t\t\t<div class=\"e-con-inner\">\n\t\t<div data-particle_enable=\"false\" data-particle-mobile-disabled=\"false\" class=\"elementor-element elementor-element-5902667c e-con-full e-flex e-con e-child\" data-id=\"5902667c\" data-element_type=\"container\">\n\t\t\t\t<div class=\"elementor-element elementor-element-5ce94fc8 elementor-widget__width-initial elementor-widget-tablet__width-initial elementor-widget elementor-widget-heading\" data-id=\"5ce94fc8\" data-element_type=\"widget\" data-widget_type=\"heading.default\">\n\t\t\t\t<div class=\"elementor-widget-container\">\n\t\t\t\t\t<h2 class=\"elementor-heading-title elementor-size-xxl\">Makaleler<\/h2>\t\t\t\t<\/div>\n\t\t\t\t<\/div>\n\t\t\t\t<\/div>\n\t\t\t\t\t<\/div>\n\t\t\t\t<\/div>\n\t\t<div data-particle_enable=\"false\" data-particle-mobile-disabled=\"false\" class=\"elementor-element elementor-element-50a3d729 animated-slow e-flex e-con-boxed e-con e-parent\" data-id=\"50a3d729\" data-element_type=\"container\" data-settings=\"{&quot;background_background&quot;:&quot;gradient&quot;,&quot;shape_divider_bottom&quot;:&quot;opacity-fan&quot;,&quot;animation&quot;:&quot;none&quot;}\">\n\t\t\t\t\t<div class=\"e-con-inner\">\n\t\t\t\t<div class=\"elementor-shape elementor-shape-bottom\" aria-hidden=\"true\" data-negative=\"false\">\n\t\t\t<svg xmlns=\"http:\/\/www.w3.org\/2000\/svg\" viewBox=\"0 0 283.5 19.6\" preserveAspectRatio=\"none\">\n\t<path class=\"elementor-shape-fill\" style=\"opacity:0.33\" d=\"M0 0L0 18.8 141.8 4.1 283.5 18.8 283.5 0z\"\/>\n\t<path class=\"elementor-shape-fill\" style=\"opacity:0.33\" d=\"M0 0L0 12.6 141.8 4 283.5 12.6 283.5 0z\"\/>\n\t<path class=\"elementor-shape-fill\" style=\"opacity:0.33\" d=\"M0 0L0 6.4 141.8 4 283.5 6.4 283.5 0z\"\/>\n\t<path class=\"elementor-shape-fill\" d=\"M0 0L0 1.2 141.8 4 283.5 1.2 283.5 0z\"\/>\n<\/svg>\t\t<\/div>\n\t\t<div data-particle_enable=\"false\" data-particle-mobile-disabled=\"false\" class=\"elementor-element elementor-element-2e8502a e-con-full e-flex elementor-invisible e-con e-child\" data-id=\"2e8502a\" data-element_type=\"container\" data-settings=\"{&quot;animation&quot;:&quot;fadeInLeft&quot;,&quot;animation_delay&quot;:500}\">\n\t\t\t\t<div class=\"elementor-element elementor-element-1d516e5 elementor-widget__width-inherit elementor-widget elementor-widget-heading\" data-id=\"1d516e5\" data-element_type=\"widget\" data-widget_type=\"heading.default\">\n\t\t\t\t<div class=\"elementor-widget-container\">\n\t\t\t\t\t<h2 class=\"elementor-heading-title elementor-size-default\">VERG\u0130 &amp; VERG\u0130 HUKUKU MAKALELER\u0130\u200b<\/h2>\t\t\t\t<\/div>\n\t\t\t\t<\/div>\n\t\t\t\t<\/div>\n\t\t\t\t\t<\/div>\n\t\t\t\t<\/div>\n\t\t<div data-particle_enable=\"false\" data-particle-mobile-disabled=\"false\" class=\"elementor-element elementor-element-4315627 e-flex e-con-boxed e-con e-parent\" data-id=\"4315627\" data-element_type=\"container\">\n\t\t\t\t\t<div class=\"e-con-inner\">\n\t\t\t\t<div class=\"elementor-element elementor-element-e69d19e elementor-widget elementor-widget-eael-post-block\" data-id=\"e69d19e\" data-element_type=\"widget\" data-widget_type=\"eael-post-block.default\">\n\t\t\t\t<div class=\"elementor-widget-container\">\n\t\t\t\t\t<div id=\"eael-post-block-e69d19e\" class=\"eael-post-block default post-block-layout-block\">\n            <div class=\"eael-post-block-grid eael-post-appender eael-post-appender-e69d19e  \"><article class=\"eael-post-block-item eael-post-block-column\">\n    <div class=\"eael-post-block-item-holder\">\n        <div class=\"eael-post-block-item-holder-inner\"><div class=\"eael-entry-media\">\n                    <div class=\"eael-entry-overlay fade-in\"><i class=\"fas fa-long-arrow-alt-right\" aria-hidden=\"true\"><\/i><a href=\"https:\/\/yeni.maliyeokulu.org.tr\/?p=19938\"\n                    \n                    >\n                    <\/a>\n                    <\/div>\n                    <div class=\"eael-entry-thumbnail eael-image-ratio\">\n                        <img decoding=\"async\" src=\"https:\/\/yeni.maliyeokulu.org.tr\/wp-content\/uploads\/2009\/06\/drmustafaalpaslan.gif\" alt=\"drmustafaalpaslan\">\n                    <\/div>\n                <\/div><div class=\"eael-entry-wrapper\"><header class=\"eael-entry-header\"><h2 class=\"eael-entry-title\">\n                                    <a class=\"eael-grid-post-link\" href=\"https:\/\/yeni.maliyeokulu.org.tr\/?p=19938\" title=\"Amme Alacaklar\u0131n\u0131n Takibinde 3. \u015eah\u0131slar \u0130lgili Bor\u00e7 \u0130\u00e7in Kendi Ad\u0131na 6183 Say\u0131l\u0131 Yasan\u0131n 48. Maddesine G\u00f6re Tecil ve Taksitlendirme Olana\u011f\u0131ndan Yararlanabilir mi?\">\n                                    Amme Alacaklar\u0131n\u0131n Takibinde 3. \u015eah\u0131slar \u0130lgili Bor\u00e7 \u0130\u00e7in Kendi Ad\u0131na 6183 Say\u0131l\u0131 Yasan\u0131n 48. Maddesine G\u00f6re Tecil ve Taksitlendirme Olana\u011f\u0131ndan Yararlanabilir mi?\n                                    <\/a>\n\n                                <\/h2><\/header><div class=\"eael-entry-content\"><\/div>\n                <\/div><div class=\"eael-entry-footer\"><div class=\"eael-entry-meta\"><div class=\"eael-posted-on\"><time datetime=\"30\/11\/2025\">30\/11\/2025<\/time><\/div><\/div><\/div><\/div>\n    <\/div>\n<\/article><article class=\"eael-post-block-item eael-post-block-column\">\n    <div class=\"eael-post-block-item-holder\">\n        <div class=\"eael-post-block-item-holder-inner\"><div class=\"eael-entry-media\">\n                    <div class=\"eael-entry-overlay fade-in\"><i class=\"fas fa-long-arrow-alt-right\" aria-hidden=\"true\"><\/i><a href=\"https:\/\/yeni.maliyeokulu.org.tr\/?p=17443\"\n                    \n                    >\n                    <\/a>\n                    <\/div>\n                    <div class=\"eael-entry-thumbnail eael-image-ratio\">\n                        <img decoding=\"async\" src=\"https:\/\/yeni.maliyeokulu.org.tr\/wp-content\/uploads\/2009\/06\/drmustafaalpaslan.gif\" alt=\"drmustafaalpaslan\">\n                    <\/div>\n                <\/div><div class=\"eael-entry-wrapper\"><header class=\"eael-entry-header\"><h2 class=\"eael-entry-title\">\n                                    <a class=\"eael-grid-post-link\" href=\"https:\/\/yeni.maliyeokulu.org.tr\/?p=17443\" title=\"B\u0130R M\u00dcKELLEF HEM SAHTE FATURA D\u00dcZENLEME EYLEM\u0130NDEN VE HEM DE KULLANMA EYLEM\u0130NDEN SU\u00c7LANARAK ASL\u0130YE CEZA MAHKEMES\u0130NDE FAH\u0130\u015e CEZA \u0130LE YARGILANAB\u0130L\u0130R M\u0130?\">\n                                    B\u0130R M\u00dcKELLEF HEM SAHTE FATURA D\u00dcZENLEME EYLEM\u0130NDEN VE HEM DE KULLANMA EYLEM\u0130NDEN SU\u00c7LANARAK ASL\u0130YE CEZA MAHKEMES\u0130NDE FAH\u0130\u015e CEZA \u0130LE YARGILANAB\u0130L\u0130R M\u0130?\n                                    <\/a>\n\n                                <\/h2><\/header><div class=\"eael-entry-content\"><\/div>\n                <\/div><div class=\"eael-entry-footer\"><div class=\"eael-entry-meta\"><div class=\"eael-posted-on\"><time datetime=\"26\/12\/2024\">26\/12\/2024<\/time><\/div><\/div><\/div><\/div>\n    <\/div>\n<\/article><article class=\"eael-post-block-item eael-post-block-column\">\n    <div class=\"eael-post-block-item-holder\">\n        <div class=\"eael-post-block-item-holder-inner\"><div class=\"eael-entry-media\">\n                    <div class=\"eael-entry-overlay fade-in\"><i class=\"fas fa-long-arrow-alt-right\" aria-hidden=\"true\"><\/i><a href=\"https:\/\/yeni.maliyeokulu.org.tr\/?p=15523\"\n                    \n                    >\n                    <\/a>\n                    <\/div>\n                    <div class=\"eael-entry-thumbnail eael-image-ratio\">\n                        <img decoding=\"async\" src=\"https:\/\/yeni.maliyeokulu.org.tr\/wp-content\/uploads\/2008\/11\/mkoyuncu87-e1768388926216.jpg\" alt=\"\">\n                    <\/div>\n                <\/div><div class=\"eael-entry-wrapper\"><header class=\"eael-entry-header\"><h2 class=\"eael-entry-title\">\n                                    <a class=\"eael-grid-post-link\" href=\"https:\/\/yeni.maliyeokulu.org.tr\/?p=15523\" title=\"ELDE ED\u0130LM\u0130\u015e KAZAN\u00c7 VERG\u0130LEND\u0130R\u0130L\u0130R!\">\n                                    ELDE ED\u0130LM\u0130\u015e KAZAN\u00c7 VERG\u0130LEND\u0130R\u0130L\u0130R!\n                                    <\/a>\n\n                                <\/h2><\/header><div class=\"eael-entry-content\"><\/div>\n                <\/div><div class=\"eael-entry-footer\"><div class=\"eael-entry-meta\"><div class=\"eael-posted-on\"><time datetime=\"13\/09\/2024\">13\/09\/2024<\/time><\/div><\/div><\/div><\/div>\n    <\/div>\n<\/article><article class=\"eael-post-block-item eael-post-block-column\">\n    <div class=\"eael-post-block-item-holder\">\n        <div class=\"eael-post-block-item-holder-inner\"><div class=\"eael-entry-media\">\n                    <div class=\"eael-entry-overlay fade-in\"><i class=\"fas fa-long-arrow-alt-right\" aria-hidden=\"true\"><\/i><a href=\"https:\/\/yeni.maliyeokulu.org.tr\/?p=4980\"\n                    \n                    >\n                    <\/a>\n                    <\/div>\n                    <div class=\"eael-entry-thumbnail eael-image-ratio\">\n                        <img decoding=\"async\" src=\"https:\/\/yeni.maliyeokulu.org.tr\/wp-content\/uploads\/2020\/05\/cca.jpg\" alt=\"\">\n                    <\/div>\n                <\/div><div class=\"eael-entry-wrapper\"><header class=\"eael-entry-header\"><h2 class=\"eael-entry-title\">\n                                    <a class=\"eael-grid-post-link\" href=\"https:\/\/yeni.maliyeokulu.org.tr\/?p=4980\" title=\"A\u011f\u0131r Vergi Y\u00fck\u00fc ve Yeralt\u0131 Ekonomisi\">\n                                    A\u011f\u0131r Vergi Y\u00fck\u00fc ve Yeralt\u0131 Ekonomisi\n                                    <\/a>\n\n                                <\/h2><\/header><div class=\"eael-entry-content\"><\/div>\n                <\/div><div class=\"eael-entry-footer\"><div class=\"eael-entry-meta\"><div class=\"eael-posted-on\"><time datetime=\"27\/05\/2020\">27\/05\/2020<\/time><\/div><\/div><\/div><\/div>\n    <\/div>\n<\/article><article class=\"eael-post-block-item eael-post-block-column\">\n    <div class=\"eael-post-block-item-holder\">\n        <div class=\"eael-post-block-item-holder-inner\"><div class=\"eael-entry-media\">\n                    <div class=\"eael-entry-overlay fade-in\"><i class=\"fas fa-long-arrow-alt-right\" aria-hidden=\"true\"><\/i><a href=\"https:\/\/yeni.maliyeokulu.org.tr\/?p=4962\"\n                    \n                    >\n                    <\/a>\n                    <\/div>\n                    <div class=\"eael-entry-thumbnail eael-image-ratio\">\n                        <img decoding=\"async\" src=\"https:\/\/yeni.maliyeokulu.org.tr\/wp-content\/uploads\/2024\/09\/yileri-1.jpeg\" alt=\"\">\n                    <\/div>\n                <\/div><div class=\"eael-entry-wrapper\"><header class=\"eael-entry-header\"><h2 class=\"eael-entry-title\">\n                                    <a class=\"eael-grid-post-link\" href=\"https:\/\/yeni.maliyeokulu.org.tr\/?p=4962\" title=\"&#8220;Sat kirala geri al&#8221; y\u00f6ntemiyle kredi alanlara vergi tuza\u011f\u0131\">\n                                    &#8220;Sat kirala geri al&#8221; y\u00f6ntemiyle kredi alanlara vergi tuza\u011f\u0131\n                                    <\/a>\n\n                                <\/h2><\/header><div class=\"eael-entry-content\"><\/div>\n                <\/div><div class=\"eael-entry-footer\"><div class=\"eael-entry-meta\"><div class=\"eael-posted-on\"><time datetime=\"20\/07\/2019\">20\/07\/2019<\/time><\/div><\/div><\/div><\/div>\n    <\/div>\n<\/article><article class=\"eael-post-block-item eael-post-block-column\">\n    <div class=\"eael-post-block-item-holder\">\n        <div class=\"eael-post-block-item-holder-inner\"><div class=\"eael-entry-media\">\n                    <div class=\"eael-entry-overlay fade-in\"><i class=\"fas fa-long-arrow-alt-right\" aria-hidden=\"true\"><\/i><a href=\"https:\/\/yeni.maliyeokulu.org.tr\/?p=4843\"\n                    \n                    >\n                    <\/a>\n                    <\/div>\n                    <div class=\"eael-entry-thumbnail eael-image-ratio\">\n                        <img decoding=\"async\" src=\"https:\/\/yeni.maliyeokulu.org.tr\/wp-content\/uploads\/2009\/06\/drmustafaalpaslan.gif\" alt=\"drmustafaalpaslan\">\n                    <\/div>\n                <\/div><div class=\"eael-entry-wrapper\"><header class=\"eael-entry-header\"><h2 class=\"eael-entry-title\">\n                                    <a class=\"eael-grid-post-link\" href=\"https:\/\/yeni.maliyeokulu.org.tr\/?p=4843\" title=\"\u0130ktisadi \u0130\u015fletmelerden Derneklere Kar Aktar\u0131m\u0131\">\n                                    \u0130ktisadi \u0130\u015fletmelerden Derneklere Kar Aktar\u0131m\u0131\n                                    <\/a>\n\n                                <\/h2><\/header><div class=\"eael-entry-content\"><\/div>\n                <\/div><div class=\"eael-entry-footer\"><div class=\"eael-entry-meta\"><div class=\"eael-posted-on\"><time datetime=\"15\/01\/2018\">15\/01\/2018<\/time><\/div><\/div><\/div><\/div>\n    <\/div>\n<\/article><article class=\"eael-post-block-item eael-post-block-column\">\n    <div class=\"eael-post-block-item-holder\">\n        <div class=\"eael-post-block-item-holder-inner\"><div class=\"eael-entry-media\">\n                    <div class=\"eael-entry-overlay fade-in\"><i class=\"fas fa-long-arrow-alt-right\" aria-hidden=\"true\"><\/i><a href=\"https:\/\/yeni.maliyeokulu.org.tr\/?p=4825\"\n                    \n                    >\n                    <\/a>\n                    <\/div>\n                    <div class=\"eael-entry-thumbnail eael-image-ratio\">\n                        <img decoding=\"async\" src=\"https:\/\/yeni.maliyeokulu.org.tr\/wp-content\/uploads\/2009\/06\/drmustafaalpaslan.gif\" alt=\"drmustafaalpaslan\">\n                    <\/div>\n                <\/div><div class=\"eael-entry-wrapper\"><header class=\"eael-entry-header\"><h2 class=\"eael-entry-title\">\n                                    <a class=\"eael-grid-post-link\" href=\"https:\/\/yeni.maliyeokulu.org.tr\/?p=4825\" title=\"Anon\u0130m \u015e\u0130rket Kurman\u0131n L\u0130m\u0130ted \u015eirketlere G\u00f6re Avantajlar\u0131\">\n                                    Anon\u0130m \u015e\u0130rket Kurman\u0131n L\u0130m\u0130ted \u015eirketlere G\u00f6re Avantajlar\u0131\n                                    <\/a>\n\n                                <\/h2><\/header><div class=\"eael-entry-content\"><\/div>\n                <\/div><div class=\"eael-entry-footer\"><div class=\"eael-entry-meta\"><div class=\"eael-posted-on\"><time datetime=\"19\/10\/2017\">19\/10\/2017<\/time><\/div><\/div><\/div><\/div>\n    <\/div>\n<\/article><article class=\"eael-post-block-item eael-post-block-column\">\n    <div class=\"eael-post-block-item-holder\">\n        <div class=\"eael-post-block-item-holder-inner\"><div class=\"eael-entry-media\">\n                    <div class=\"eael-entry-overlay fade-in\"><i class=\"fas fa-long-arrow-alt-right\" aria-hidden=\"true\"><\/i><a href=\"https:\/\/yeni.maliyeokulu.org.tr\/?p=4755\"\n                    \n                    >\n                    <\/a>\n                    <\/div>\n                    <div class=\"eael-entry-thumbnail eael-image-ratio\">\n                        <img decoding=\"async\" src=\"https:\/\/yeni.maliyeokulu.org.tr\/wp-content\/uploads\/2009\/06\/drmustafaalpaslan.gif\" alt=\"drmustafaalpaslan\">\n                    <\/div>\n                <\/div><div class=\"eael-entry-wrapper\"><header class=\"eael-entry-header\"><h2 class=\"eael-entry-title\">\n                                    <a class=\"eael-grid-post-link\" href=\"https:\/\/yeni.maliyeokulu.org.tr\/?p=4755\" title=\"Vergi Su\u00e7lar\u0131nda Asliye Ceza Mahkemesi Kararlar\u0131n\u0131n \u0130stinaf ve \u0130tiraz Ba\u015fvurusu\">\n                                    Vergi Su\u00e7lar\u0131nda Asliye Ceza Mahkemesi Kararlar\u0131n\u0131n \u0130stinaf ve \u0130tiraz Ba\u015fvurusu\n                                    <\/a>\n\n                                <\/h2><\/header><div class=\"eael-entry-content\"><\/div>\n                <\/div><div class=\"eael-entry-footer\"><div class=\"eael-entry-meta\"><div class=\"eael-posted-on\"><time datetime=\"11\/10\/2017\">11\/10\/2017<\/time><\/div><\/div><\/div><\/div>\n    <\/div>\n<\/article><article class=\"eael-post-block-item eael-post-block-column\">\n    <div class=\"eael-post-block-item-holder\">\n        <div class=\"eael-post-block-item-holder-inner\"><div class=\"eael-entry-media\">\n                    <div class=\"eael-entry-overlay fade-in\"><i class=\"fas fa-long-arrow-alt-right\" aria-hidden=\"true\"><\/i><a href=\"https:\/\/yeni.maliyeokulu.org.tr\/?p=4781\"\n                    \n                    >\n                    <\/a>\n                    <\/div>\n                    <div class=\"eael-entry-thumbnail eael-image-ratio\">\n                        <img decoding=\"async\" src=\"https:\/\/yeni.maliyeokulu.org.tr\/wp-content\/uploads\/2023\/12\/yakup_uslu.jpg\" alt=\"\">\n                    <\/div>\n                <\/div><div class=\"eael-entry-wrapper\"><header class=\"eael-entry-header\"><h2 class=\"eael-entry-title\">\n                                    <a class=\"eael-grid-post-link\" href=\"https:\/\/yeni.maliyeokulu.org.tr\/?p=4781\" title=\"Kira Gelirlerinde Emsal Kira Tutar\u0131 m\u0131 Ger\u00e7ek Tutar m\u0131 Dikkate Al\u0131n\u0131r?\">\n                                    Kira Gelirlerinde Emsal Kira Tutar\u0131 m\u0131 Ger\u00e7ek Tutar m\u0131 Dikkate Al\u0131n\u0131r?\n                                    <\/a>\n\n                                <\/h2><\/header><div class=\"eael-entry-content\"><\/div>\n                <\/div><div class=\"eael-entry-footer\"><div class=\"eael-entry-meta\"><div class=\"eael-posted-on\"><time datetime=\"18\/01\/2015\">18\/01\/2015<\/time><\/div><\/div><\/div><\/div>\n    <\/div>\n<\/article><article class=\"eael-post-block-item eael-post-block-column\">\n    <div class=\"eael-post-block-item-holder\">\n        <div class=\"eael-post-block-item-holder-inner\"><div class=\"eael-entry-media\">\n                    <div class=\"eael-entry-overlay fade-in\"><i class=\"fas fa-long-arrow-alt-right\" aria-hidden=\"true\"><\/i><a href=\"https:\/\/yeni.maliyeokulu.org.tr\/?p=4780\"\n                    \n                    >\n                    <\/a>\n                    <\/div>\n                    <div class=\"eael-entry-thumbnail eael-image-ratio\">\n                        <img decoding=\"async\" src=\"https:\/\/yeni.maliyeokulu.org.tr\/wp-content\/uploads\/2023\/12\/yakup_uslu.jpg\" alt=\"\">\n                    <\/div>\n                <\/div><div class=\"eael-entry-wrapper\"><header class=\"eael-entry-header\"><h2 class=\"eael-entry-title\">\n                                    <a class=\"eael-grid-post-link\" href=\"https:\/\/yeni.maliyeokulu.org.tr\/?p=4780\" title=\"Ta\u015f\u0131t Al\u0131m &#8211; Sat\u0131m\u0131nda KDV ve \u00d6TV Uygulamas\u0131\">\n                                    Ta\u015f\u0131t Al\u0131m &#8211; Sat\u0131m\u0131nda KDV ve \u00d6TV Uygulamas\u0131\n                                    <\/a>\n\n                                <\/h2><\/header><div class=\"eael-entry-content\"><\/div>\n                <\/div><div class=\"eael-entry-footer\"><div class=\"eael-entry-meta\"><div class=\"eael-posted-on\"><time datetime=\"18\/01\/2015\">18\/01\/2015<\/time><\/div><\/div><\/div><\/div>\n    <\/div>\n<\/article><\/div>\n\t\t<\/div>            <div class=\"eael-load-more-button-wrap eael-force-hide\">\n                <button class=\"eael-load-more-button\" id=\"eael-load-more-btn-e69d19e\" data-widget-id=\"e69d19e\" data-widget=\"e69d19e\" data-page-id=\"96\" data-template=\"{&quot;dir&quot;:&quot;pro&quot;,&quot;file_name&quot;:&quot;default.php&quot;,&quot;name&quot;:&quot;Post-Block&quot;}\" data-class=\"Essential_Addons_Elementor\\Pro\\Elements\\Post_Block\" data-layout=\"\" data-page=\"1\" data-args=\"orderby=date&amp;order=desc&amp;ignore_sticky_posts=1&amp;post_status=publish&amp;posts_per_page=10&amp;offset=0&amp;post_type=post&amp;tax_query%5B0%5D%5Btaxonomy%5D=category&amp;tax_query%5B0%5D%5Bfield%5D=term_id&amp;tax_query%5B0%5D%5Bterms%5D%5B0%5D=93&amp;tax_query%5B0%5D%5Bterms%5D%5B1%5D=8&amp;tax_query%5Brelation%5D=AND\" data-max-page=\"6\">\n                    <span class=\"eael-btn-loader button__loader\"><\/span>\n                    <span class=\"eael_load_more_text\"><\/span>\n                <\/button>\n            <\/div>\n            \t\t\t\t<\/div>\n\t\t\t\t<\/div>\n\t\t\t\t\t<\/div>\n\t\t\t\t<\/div>\n\t\t\t\t<\/div>\n\t\t","protected":false},"excerpt":{"rendered":"<p>Makaleler VERG\u0130 &amp; VERG\u0130 HUKUKU MAKALELER\u0130\u200b Amme Alacaklar\u0131n\u0131n Takibinde 3. \u015eah\u0131slar \u0130lgili Bor\u00e7 \u0130\u00e7in Kendi Ad\u0131na 6183 Say\u0131l\u0131 Yasan\u0131n 48. Maddesine G\u00f6re Tecil ve Taksitlendirme Olana\u011f\u0131ndan Yararlanabilir mi? 30\/11\/2025 B\u0130R M\u00dcKELLEF HEM SAHTE FATURA D\u00dcZENLEME EYLEM\u0130NDEN VE HEM DE KULLANMA EYLEM\u0130NDEN SU\u00c7LANARAK ASL\u0130YE CEZA MAHKEMES\u0130NDE FAH\u0130\u015e CEZA \u0130LE YARGILANAB\u0130L\u0130R M\u0130? 26\/12\/2024 ELDE ED\u0130LM\u0130\u015e KAZAN\u00c7 VERG\u0130LEND\u0130R\u0130L\u0130R! [&hellip;]<\/p>\n","protected":false},"author":1,"featured_media":0,"parent":0,"menu_order":0,"comment_status":"closed","ping_status":"closed","template":"elementor_header_footer","meta":{"_eb_attr":"","_gspb_post_css":"","_crdt_document":"","footnotes":""},"class_list":["post-96","page","type-page","status-publish","hentry"],"blocksy_meta":[],"_links":{"self":[{"href":"https:\/\/yeni.maliyeokulu.org.tr\/index.php?rest_route=\/wp\/v2\/pages\/96","targetHints":{"allow":["GET"]}}],"collection":[{"href":"https:\/\/yeni.maliyeokulu.org.tr\/index.php?rest_route=\/wp\/v2\/pages"}],"about":[{"href":"https:\/\/yeni.maliyeokulu.org.tr\/index.php?rest_route=\/wp\/v2\/types\/page"}],"author":[{"embeddable":true,"href":"https:\/\/yeni.maliyeokulu.org.tr\/index.php?rest_route=\/wp\/v2\/users\/1"}],"replies":[{"embeddable":true,"href":"https:\/\/yeni.maliyeokulu.org.tr\/index.php?rest_route=%2Fwp%2Fv2%2Fcomments&post=96"}],"version-history":[{"count":40,"href":"https:\/\/yeni.maliyeokulu.org.tr\/index.php?rest_route=\/wp\/v2\/pages\/96\/revisions"}],"predecessor-version":[{"id":21685,"href":"https:\/\/yeni.maliyeokulu.org.tr\/index.php?rest_route=\/wp\/v2\/pages\/96\/revisions\/21685"}],"wp:attachment":[{"href":"https:\/\/yeni.maliyeokulu.org.tr\/index.php?rest_route=%2Fwp%2Fv2%2Fmedia&parent=96"}],"curies":[{"name":"wp","href":"https:\/\/api.w.org\/{rel}","templated":true}]}}